{"id":118977,"date":"2023-10-10T11:52:42","date_gmt":"2023-10-10T10:52:47","guid":{"rendered":"https:\/\/homehunting.one\/?post_type=product&#038;p=118977"},"modified":"2023-10-11T16:48:44","modified_gmt":"2023-10-11T15:48:44","slug":"blue-lightning-powder-with-10-shades-andreia-vegan-copia-2","status":"publish","type":"product","link":"https:\/\/jorgegoncalves.pt\/en\/produto\/blue-lightning-powder-with-10-shades-andreia-vegan-copia-2\/","title":{"rendered":"Blue Lightning powder with 10 shades Andreia Vegan 30g"},"content":{"rendered":"<p>Blue vegan bleaching powder with plex and keratin technology with up to 10 lightening levels.<\/p>\n<p>Instant action and protection of the hair fiber thanks to plex and keratin technology.<\/p>\n<ul>\n<li>Neutralizes yellow tones<\/li>\n<li>Instant action plus with blue pigment and dust-free<\/li>\n<li>quinoa protein, prickly pear and avocado oil<\/li>\n<li>0% parabens. silicones. phthalates. dea<\/li>\n<li>Mix 1:2<\/li>\n<\/ul>\n<p>Packaging of 30g.<\/p>\n<p>Application method:<\/p>\n<ul>\n<li>Mix the bleaching powder in a ratio of 1:2 (20g powder + 40g hydrogen peroxide) with hydrogen peroxide 10, 20 or 30 vol. (3%, 6% or 9%), in a non-metallic bowl.<\/li>\n<li>If applying to the scalp, use 10 or 20 vol hydrogen peroxide. (3% or 6%), maximum.<\/li>\n<li>Apply evenly to dry hair.<\/li>\n<li>The action time can vary from 20 to 45 minutes, influenced by several factors: the base tone, the degree of lightening intended, the condition of the hair, the technique used and room temperature.<\/li>\n<li>Apply the product evenly with a brush and gloves.<\/li>\n<li>No heat source is required to achieve professional results.<\/li>\n<li>Do not exceed the maximum time.<\/li>\n<li>After application, once the ideal level of lightening has been achieved, rinse.<br \/>\nReserved for professionals.<\/li>\n<\/ul>\n","protected":false},"excerpt":{"rendered":"<p>P\u00f3 descolorante vegan azul com tecnologia plex e queratina com at\u00e9 10 n\u00edveis de aclaramento.<\/p>\n<p>A\u00e7\u00e3o instant\u00e2nea e prote\u00e7\u00e3o da fibra capilar gra\u00e7as \u00e0 tecnologia plex e queratina.<\/p>\n<ul>\n<li>Neutraliza tons amarelados<\/li>\n<li>A\u00e7\u00e3o instant\u00e2nea plus com pigmento azul e livre de poeira<\/li>\n<li>prot\u00e9ina de quinoa, figo da \u00edndia e \u00f3leo de abacate<\/li>\n<li>0% parabenos. silicones. ftalates. dea<\/li>\n<li>Mistura 1 : 2<\/li>\n<\/ul>\n<p>Embalagem com 30g.<\/p>\n","protected":false},"featured_media":118971,"comment_status":"closed","ping_status":"closed","template":"","meta":{"_acf_changed":false},"product_brand":[],"product_cat":[11201],"product_tag":[15978,6458],"class_list":{"0":"post-118977","1":"product","2":"type-product","3":"status-publish","4":"has-post-thumbnail","6":"product_cat-bleach","7":"product_tag-andreia-hair-color-en","8":"product_tag-bleach","10":"first","11":"instock","12":"taxable","13":"shipping-taxable","14":"purchasable","15":"product-type-simple"},"acf":[],"_links":{"self":[{"href":"https:\/\/jorgegoncalves.pt\/en\/wp-json\/wp\/v2\/product\/118977","targetHints":{"allow":["GET"]}}],"collection":[{"href":"https:\/\/jorgegoncalves.pt\/en\/wp-json\/wp\/v2\/product"}],"about":[{"href":"https:\/\/jorgegoncalves.pt\/en\/wp-json\/wp\/v2\/types\/product"}],"replies":[{"embeddable":true,"href":"https:\/\/jorgegoncalves.pt\/en\/wp-json\/wp\/v2\/comments?post=118977"}],"wp:featuredmedia":[{"embeddable":true,"href":"https:\/\/jorgegoncalves.pt\/en\/wp-json\/wp\/v2\/media\/118971"}],"wp:attachment":[{"href":"https:\/\/jorgegoncalves.pt\/en\/wp-json\/wp\/v2\/media?parent=118977"}],"wp:term":[{"taxonomy":"product_brand","embeddable":true,"href":"https:\/\/jorgegoncalves.pt\/en\/wp-json\/wp\/v2\/product_brand?post=118977"},{"taxonomy":"product_cat","embeddable":true,"href":"https:\/\/jorgegoncalves.pt\/en\/wp-json\/wp\/v2\/product_cat?post=118977"},{"taxonomy":"product_tag","embeddable":true,"href":"https:\/\/jorgegoncalves.pt\/en\/wp-json\/wp\/v2\/product_tag?post=118977"}],"curies":[{"name":"wp","href":"https:\/\/api.w.org\/{rel}","templated":true}]}}