{"id":36119,"date":"2014-04-09T17:38:09","date_gmt":"2014-04-09T16:38:09","guid":{"rendered":"https:\/\/homehunting.one\/en\/produto\/cadeira-pedicura-com-apoio-para-pernas-es-02741\/"},"modified":"2021-10-13T15:10:49","modified_gmt":"2021-10-13T14:10:49","slug":"cadeira-pedicura-com-apoio-para-pernas-es-02741","status":"publish","type":"product","link":"https:\/\/jorgegoncalves.pt\/en\/produto\/cadeira-pedicura-com-apoio-para-pernas-es-02741\/","title":{"rendered":"Cadeira Pedicura com apoio para pernas ES 02741"},"content":{"rendered":"","protected":false},"excerpt":{"rendered":"<p>Cadeira com hidr\u00e1ulico para pedicura com costas reclin\u00e1veis, Apoio de pernas regul\u00e1vel e bra\u00e7os cromados.<\/p>\n<p>Inclui a bacia para p\u00e9s<\/p>\n<p>Tempo de espera de 1 a 2 semanas.<\/p>\n","protected":false},"featured_media":14372,"comment_status":"open","ping_status":"closed","template":"","meta":{"_acf_changed":false},"product_brand":[],"product_cat":[11158],"product_tag":[6547,7041,5974],"class_list":{"0":"post-36119","1":"product","2":"type-product","3":"status-publish","4":"has-post-thumbnail","6":"product_cat-pedicure-trolleys-and-chairs","7":"product_tag-eurostil-en","8":"product_tag-pedicure-en","9":"product_tag-pedicure-chair","11":"first","12":"instock","13":"taxable","14":"shipping-taxable","15":"purchasable","16":"product-type-simple"},"acf":[],"_links":{"self":[{"href":"https:\/\/jorgegoncalves.pt\/en\/wp-json\/wp\/v2\/product\/36119","targetHints":{"allow":["GET"]}}],"collection":[{"href":"https:\/\/jorgegoncalves.pt\/en\/wp-json\/wp\/v2\/product"}],"about":[{"href":"https:\/\/jorgegoncalves.pt\/en\/wp-json\/wp\/v2\/types\/product"}],"replies":[{"embeddable":true,"href":"https:\/\/jorgegoncalves.pt\/en\/wp-json\/wp\/v2\/comments?post=36119"}],"wp:featuredmedia":[{"embeddable":true,"href":"https:\/\/jorgegoncalves.pt\/en\/wp-json\/wp\/v2\/media\/14372"}],"wp:attachment":[{"href":"https:\/\/jorgegoncalves.pt\/en\/wp-json\/wp\/v2\/media?parent=36119"}],"wp:term":[{"taxonomy":"product_brand","embeddable":true,"href":"https:\/\/jorgegoncalves.pt\/en\/wp-json\/wp\/v2\/product_brand?post=36119"},{"taxonomy":"product_cat","embeddable":true,"href":"https:\/\/jorgegoncalves.pt\/en\/wp-json\/wp\/v2\/product_cat?post=36119"},{"taxonomy":"product_tag","embeddable":true,"href":"https:\/\/jorgegoncalves.pt\/en\/wp-json\/wp\/v2\/product_tag?post=36119"}],"curies":[{"name":"wp","href":"https:\/\/api.w.org\/{rel}","templated":true}]}}